{"id":913,"date":"2025-05-08T14:58:05","date_gmt":"2025-05-08T14:58:05","guid":{"rendered":"https:\/\/swimiceland.com\/about\/"},"modified":"2025-05-10T13:04:34","modified_gmt":"2025-05-10T13:04:34","slug":"about","status":"publish","type":"page","link":"https:\/\/swimiceland.com\/en\/about\/","title":{"rendered":"About"},"content":{"rendered":"<div class=\"wp-block-uagb-container uagb-block-25efe059 alignfull uagb-is-root-container\"><div class=\"uagb-container-inner-blocks-wrap\">\n<div class=\"wp-block-uagb-advanced-heading uagb-block-152b2cf8\"><h1 class=\"uagb-heading-text\">Who is SwimIceland?<\/h1><\/div>\n<\/div><\/div>\n\n\n\n<div class=\"wp-block-uagb-container uagb-layout-grid uagb-block-c07c1ca2 alignfull uagb-is-root-container\"><div class=\"uagb-container-inner-blocks-wrap\">\n<div class=\"wp-block-uagb-info-box uagb-block-439a912a uagb-infobox__content-wrap  uagb-infobox-icon-above-title uagb-infobox-image-valign-top\"><div class=\"uagb-ifb-content\"><div class=\"uagb-ifb-title-wrap\"><h2 class=\"uagb-ifb-title\">About SwimIceland<\/h2><\/div><div class=\"uagb-ifb-separator\"><\/div><p class=\"uagb-ifb-desc\"><strong>SwimIceland<\/strong> is a bilingual platform dedicated to celebrating, supporting, and showcasing Icelandic swimming \u2014 from elite athletes and national competitions to local pools and natural hot springs.<\/p><\/div><\/div>\n\n\n\n<div class=\"wp-block-uagb-image uagb-block-c2362fda wp-block-uagb-image--layout-default wp-block-uagb-image--effect-static wp-block-uagb-image--align-none\"><figure class=\"wp-block-uagb-image__figure\"><img decoding=\"async\" srcset=\"https:\/\/swimiceland.com\/wp-content\/uploads\/2025\/05\/CpTSnJVVUAA8nH8-1024x707.jpeg ,https:\/\/swimiceland.com\/wp-content\/uploads\/2025\/05\/CpTSnJVVUAA8nH8.jpeg 780w, https:\/\/swimiceland.com\/wp-content\/uploads\/2025\/05\/CpTSnJVVUAA8nH8.jpeg 360w\" sizes=\"auto, (max-width: 480px) 150px\" src=\"https:\/\/swimiceland.com\/wp-content\/uploads\/2025\/05\/CpTSnJVVUAA8nH8-1024x707.jpeg\" alt=\"\" class=\"uag-image-1395\" width=\"520\" height=\"347\" title=\"CpTSnJVVUAA8nH8\" loading=\"lazy\" role=\"img\"\/><\/figure><\/div>\n<\/div><\/div>\n\n\n\n<div class=\"wp-block-uagb-container uagb-block-ada1b635 alignfull uagb-is-root-container\"><div class=\"uagb-container-inner-blocks-wrap\">\n<div class=\"wp-block-uagb-advanced-heading uagb-block-85aae344\"><h4 class=\"uagb-heading-text\">More Info<\/h4><div class=\"uagb-separator\"><\/div><p class=\"uagb-desc-text\"><br>Our mission: to unite the Icelandic swim community while promoting the beauty of our swimming culture to the world.<br><br>Who is it for: whether you're a competitive swimmer, a local pool-goer, a parent, a coach, or an adventure-seeking traveler \u2014 SwimIceland is for you.<\/p><\/div>\n\n\n\n<div class=\"wp-block-uagb-container uagb-block-03a254f1\">\n<div class=\"wp-block-uagb-advanced-heading uagb-block-f897f70d\"><h4 class=\"uagb-heading-text\">What We Do<\/h4><div class=\"uagb-separator\"><\/div><\/div>\n\n\n\n<div class=\"wp-block-uagb-icon-list uagb-block-300b72ce\"><div class=\"uagb-icon-list__wrap\">\n<div class=\"wp-block-uagb-icon-list-child uagb-block-d455880d\"><a target=\"_self\" aria-label=\"Share news and updates about swim meets across Iceland\" rel=\"noopener noreferrer\" href=\"#\"> <\/a><span class=\"uagb-icon-list__source-wrap\"><svg xmlns=\"https:\/\/www.w3.org\/2000\/svg\" viewbox=\"0 0 448 512\"><path d=\"M400 288h-352c-17.69 0-32-14.32-32-32.01s14.31-31.99 32-31.99h352c17.69 0 32 14.3 32 31.99S417.7 288 400 288z\"><\/path><\/svg><\/span><span class=\"uagb-icon-list__label\">Share news and updates about swim meets across Iceland<\/span><\/div>\n\n\n\n<div class=\"wp-block-uagb-icon-list-child uagb-block-ded7d9ca\"><a target=\"_self\" aria-label=\"Highlight the stories of swimmers, coaches, and teams\" rel=\"noopener noreferrer\" href=\"#\"> <\/a><span class=\"uagb-icon-list__source-wrap\"><svg xmlns=\"https:\/\/www.w3.org\/2000\/svg\" viewbox=\"0 0 448 512\"><path d=\"M400 288h-352c-17.69 0-32-14.32-32-32.01s14.31-31.99 32-31.99h352c17.69 0 32 14.3 32 31.99S417.7 288 400 288z\"><\/path><\/svg><\/span><span class=\"uagb-icon-list__label\">Highlight the stories of swimmers, coaches, and teams<\/span><\/div>\n\n\n\n<div class=\"wp-block-uagb-icon-list-child uagb-block-381a9445\"><a target=\"_self\" aria-label=\"Explore and review Iceland\u2019s diverse swimming locations\" rel=\"noopener noreferrer\" href=\"#\"> <\/a><span class=\"uagb-icon-list__source-wrap\"><svg xmlns=\"https:\/\/www.w3.org\/2000\/svg\" viewbox=\"0 0 448 512\"><path d=\"M400 288h-352c-17.69 0-32-14.32-32-32.01s14.31-31.99 32-31.99h352c17.69 0 32 14.3 32 31.99S417.7 288 400 288z\"><\/path><\/svg><\/span><span class=\"uagb-icon-list__label\">Explore and review Iceland\u2019s diverse swimming locations<\/span><\/div>\n\n\n\n<div class=\"wp-block-uagb-icon-list-child uagb-block-0fee0e9f\"><a target=\"_self\" aria-label=\"Promote the health benefits of both competitive and natural swimming\" rel=\"noopener noreferrer\" href=\"#\"> <\/a><span class=\"uagb-icon-list__source-wrap\"><svg xmlns=\"https:\/\/www.w3.org\/2000\/svg\" viewbox=\"0 0 448 512\"><path d=\"M400 288h-352c-17.69 0-32-14.32-32-32.01s14.31-31.99 32-31.99h352c17.69 0 32 14.3 32 31.99S417.7 288 400 288z\"><\/path><\/svg><\/span><span class=\"uagb-icon-list__label\">Promote the health benefits of both competitive and natural swimming<\/span><\/div>\n<\/div><\/div>\n<\/div>\n<\/div><\/div>\n\n\n\n<p><\/p>","protected":false},"excerpt":{"rendered":"<p>Hver er \u00e1 bakvi\u00f0 SwimIceland? Frekari Uppl\u00fdsingar Hlutverk okkar: a\u00f0 sameina \u00edslenska sundsamf\u00e9lagi\u00f0 og kynna fegur\u00f0 \u00edslenskrar sundmenningar fyrir heiminum. Fyrir hvern: hvort sem \u00fe\u00fa ert keppnissundma\u00f0ur, sundlaugagestur, foreldri, \u00fej\u00e1lfari e\u00f0a \u00e6vint\u00fdragjarn fer\u00f0ama\u00f0ur \u2014 SwimIceland er fyrir \u00feig. Hva\u00f0 Vi\u00f0 Gerum<\/p>","protected":false},"author":1,"featured_media":0,"parent":0,"menu_order":0,"comment_status":"closed","ping_status":"closed","template":"","meta":{"_uag_custom_page_level_css":"","site-sidebar-layout":"no-sidebar","site-content-layout":"plain-container","ast-site-content-layout":"full-width-container","site-content-style":"unboxed","site-sidebar-style":"unboxed","ast-global-header-display":"","ast-banner-title-visibility":"","ast-main-header-display":"","ast-hfb-above-header-display":"","ast-hfb-below-header-display":"","ast-hfb-mobile-header-display":"","site-post-title":"disabled","ast-breadcrumbs-content":"","ast-featured-img":"disabled","footer-sml-layout":"","theme-transparent-header-meta":"enabled","adv-header-id-meta":"","stick-header-meta":"","header-above-stick-meta":"","header-main-stick-meta":"","header-below-stick-meta":"","astra-migrate-meta-layouts":"set","ast-page-background-enabled":"default","ast-page-background-meta":{"desktop":{"background-color":"","background-image":"","background-repeat":"repeat","background-position":"center center","background-size":"auto","background-attachment":"scroll","background-type":"","background-media":"","overlay-type":"","overlay-color":"","overlay-opacity":"","overlay-gradient":""},"tablet":{"background-color":"","background-image":"","background-repeat":"repeat","background-position":"center center","background-size":"auto","background-attachment":"scroll","background-type":"","background-media":"","overlay-type":"","overlay-color":"","overlay-opacity":"","overlay-gradient":""},"mobile":{"background-color":"","background-image":"","background-repeat":"repeat","background-position":"center center","background-size":"auto","background-attachment":"scroll","background-type":"","background-media":"","overlay-type":"","overlay-color":"","overlay-opacity":"","overlay-gradient":""}},"ast-content-background-meta":{"desktop":{"background-color":"var(--ast-global-color-5)","background-image":"","background-repeat":"repeat","background-position":"center center","background-size":"auto","background-attachment":"scroll","background-type":"","background-media":"","overlay-type":"","overlay-color":"","overlay-opacity":"","overlay-gradient":""},"tablet":{"background-color":"var(--ast-global-color-5)","background-image":"","background-repeat":"repeat","background-position":"center center","background-size":"auto","background-attachment":"scroll","background-type":"","background-media":"","overlay-type":"","overlay-color":"","overlay-opacity":"","overlay-gradient":""},"mobile":{"background-color":"var(--ast-global-color-5)","background-image":"","background-repeat":"repeat","background-position":"center center","background-size":"auto","background-attachment":"scroll","background-type":"","background-media":"","overlay-type":"","overlay-color":"","overlay-opacity":"","overlay-gradient":""}},"footnotes":""},"class_list":["post-913","page","type-page","status-publish","hentry"],"aioseo_notices":[],"uagb_featured_image_src":{"full":false,"thumbnail":false,"medium":false,"medium_large":false,"large":false,"1536x1536":false,"2048x2048":false,"trp-custom-language-flag":false},"uagb_author_info":{"display_name":"Hilda","author_link":"https:\/\/swimiceland.com\/en\/author\/hrafnhilgmail-com\/"},"uagb_comment_info":0,"uagb_excerpt":"Hver er \u00e1 bakvi\u00f0 SwimIceland? Frekari Uppl\u00fdsingar Hlutverk okkar: a\u00f0 sameina \u00edslenska sundsamf\u00e9lagi\u00f0 og kynna fegur\u00f0 \u00edslenskrar sundmenningar fyrir heiminum. Fyrir hvern: hvort sem \u00fe\u00fa ert keppnissundma\u00f0ur, sundlaugagestur, foreldri, \u00fej\u00e1lfari e\u00f0a \u00e6vint\u00fdragjarn fer\u00f0ama\u00f0ur \u2014 SwimIceland er fyrir \u00feig. Hva\u00f0 Vi\u00f0 Gerum","_links":{"self":[{"href":"https:\/\/swimiceland.com\/en\/wp-json\/wp\/v2\/pages\/913","targetHints":{"allow":["GET"]}}],"collection":[{"href":"https:\/\/swimiceland.com\/en\/wp-json\/wp\/v2\/pages"}],"about":[{"href":"https:\/\/swimiceland.com\/en\/wp-json\/wp\/v2\/types\/page"}],"author":[{"embeddable":true,"href":"https:\/\/swimiceland.com\/en\/wp-json\/wp\/v2\/users\/1"}],"replies":[{"embeddable":true,"href":"https:\/\/swimiceland.com\/en\/wp-json\/wp\/v2\/comments?post=913"}],"version-history":[{"count":8,"href":"https:\/\/swimiceland.com\/en\/wp-json\/wp\/v2\/pages\/913\/revisions"}],"predecessor-version":[{"id":1401,"href":"https:\/\/swimiceland.com\/en\/wp-json\/wp\/v2\/pages\/913\/revisions\/1401"}],"wp:attachment":[{"href":"https:\/\/swimiceland.com\/en\/wp-json\/wp\/v2\/media?parent=913"}],"curies":[{"name":"wp","href":"https:\/\/api.w.org\/{rel}","templated":true}]}}