{"id":915,"date":"2025-05-08T14:58:05","date_gmt":"2025-05-08T14:58:05","guid":{"rendered":"https:\/\/swimiceland.com\/services\/"},"modified":"2025-05-10T17:08:34","modified_gmt":"2025-05-10T17:08:34","slug":"swimmeets","status":"publish","type":"page","link":"https:\/\/swimiceland.com\/en\/swimmeets\/","title":{"rendered":"Swim Meets"},"content":{"rendered":"<div class=\"wp-block-uagb-container uagb-block-25efe059 alignfull uagb-is-root-container\"><div class=\"uagb-container-inner-blocks-wrap\">\n<div class=\"wp-block-uagb-advanced-heading uagb-block-152b2cf8\"><h1 class=\"uagb-heading-text\">Swim Meets<\/h1><p class=\"uagb-desc-text\">Stay updated with the latest results, upcoming competitions, and national swimming events across Iceland<\/p><\/div>\n<\/div><\/div>\n\n\n\n<div class=\"wp-block-uagb-container uagb-block-4a87feac alignfull uagb-is-root-container\"><div class=\"uagb-container-inner-blocks-wrap\">\n<div class=\"wp-block-uagb-info-box uagb-block-5c6f27f2 uagb-infobox__content-wrap  uagb-infobox-icon-above-title uagb-infobox-image-valign-top\"><div class=\"uagb-ifb-content\"><div class=\"uagb-ifb-title-wrap\"><h2 class=\"uagb-ifb-title\">Latest Meets<\/h2><\/div><div class=\"uagb-ifb-separator\"><\/div><\/div><\/div>\n\n\n\n<div class=\"wp-block-uagb-container uagb-block-d65a08d3\">\n<div class=\"wp-block-uagb-container uagb-block-c1588b44\">\n<div class=\"wp-block-uagb-image uagb-block-337fd67d wp-block-uagb-image--layout-default wp-block-uagb-image--effect-static wp-block-uagb-image--align-none\"><figure class=\"wp-block-uagb-image__figure\"><img decoding=\"async\" srcset=\"https:\/\/swimiceland.com\/wp-content\/uploads\/2025\/05\/pexels-photo-9030269-9030269-1024x768.jpg ,https:\/\/swimiceland.com\/wp-content\/uploads\/2025\/05\/pexels-photo-9030269-9030269-scaled.jpg 780w, https:\/\/swimiceland.com\/wp-content\/uploads\/2025\/05\/pexels-photo-9030269-9030269-scaled.jpg 360w\" sizes=\"auto, (max-width: 480px) 150px\" src=\"https:\/\/swimiceland.com\/wp-content\/uploads\/2025\/05\/pexels-photo-9030269-9030269-1024x768.jpg\" alt=\"Swimmers competing in an outdoor pool under blue and white banners on a sunny day.\" class=\"uag-image-1336\" width=\"484\" height=\"302\" title=\"pexels-photo-9030269-9030269\" loading=\"lazy\" role=\"img\"\/><\/figure><\/div>\n\n\n\n<div class=\"wp-block-uagb-info-box uagb-block-5408ebdb uagb-infobox__content-wrap  uagb-infobox-icon-above-title uagb-infobox-image-valign-top\"><div class=\"uagb-ifb-content\"><div class=\"uagb-ifb-title-wrap\"><h5 class=\"uagb-ifb-title\">Reykjav\u00edk Open 2025<\/h5><\/div><p class=\"uagb-ifb-desc\">\ud83d\udccd Date: April 27\u201328, 2025<br>\ud83c\udfca Pool: Laugardalslaug, Reykjav\u00edk<br>\ud83e\udd47 Top Performers: J\u00f3n J\u00f3nsson (100m Freestyle \u2013 48.75s), Mar\u00eda Bj\u00f6rk (50m Backstroke \u2013 27.31s)<br>\ud83d\udce5 <a href=\"#\" target=\"_blank\" rel=\"noopener\" title=\"\">\u00darslit \/ Full results<\/a><br>\ud83d\udcac <em>Quote from athlete or coach<\/em><\/p><\/div><\/div>\n\n\n\n<div class=\"wp-block-uagb-image uagb-block-0aba367f wp-block-uagb-image--layout-default wp-block-uagb-image--effect-static wp-block-uagb-image--align-none\"><figure class=\"wp-block-uagb-image__figure\"><img decoding=\"async\" srcset=\"https:\/\/swimiceland.com\/wp-content\/uploads\/2025\/05\/IMG_8964-1024x768.jpeg ,https:\/\/swimiceland.com\/wp-content\/uploads\/2025\/05\/IMG_8964-scaled.jpeg 780w, https:\/\/swimiceland.com\/wp-content\/uploads\/2025\/05\/IMG_8964-scaled.jpeg 360w\" sizes=\"auto, (max-width: 480px) 150px\" src=\"https:\/\/swimiceland.com\/wp-content\/uploads\/2025\/05\/IMG_8964-1024x768.jpeg\" alt=\"\" class=\"uag-image-1338\" width=\"484\" height=\"302\" title=\"IMG_8964\" loading=\"lazy\" role=\"img\"\/><\/figure><\/div>\n\n\n\n<div class=\"wp-block-uagb-info-box uagb-block-73129e9b uagb-infobox__content-wrap  uagb-infobox-icon-above-title uagb-infobox-image-valign-top\"><div class=\"uagb-ifb-content\"><div class=\"uagb-ifb-title-wrap\"><h5 class=\"uagb-ifb-title\">Reykjav\u00edk Open 2025<\/h5><\/div><p class=\"uagb-ifb-desc\">\ud83d\udccd Date: April 27\u201328, 2025<br>\ud83c\udfca Pool: Laugardalslaug, Reykjav\u00edk<br>\ud83e\udd47 Top Performers: J\u00f3n J\u00f3nsson (100m Freestyle \u2013 48.75s), Mar\u00eda Bj\u00f6rk (50m Backstroke \u2013 27.31s)<br>\ud83d\udce5 <a href=\"#\" target=\"_blank\" rel=\"noopener\" title=\"\">\u00darslit \/ Full results<\/a><br>\ud83d\udcac <em>Quote from athlete or coach<\/em><\/p><\/div><\/div>\n<\/div>\n\n\n\n<div class=\"wp-block-uagb-container uagb-block-2d120e8e\">\n<div class=\"wp-block-uagb-image uagb-block-96e3610f wp-block-uagb-image--layout-default wp-block-uagb-image--effect-static wp-block-uagb-image--align-none\"><figure class=\"wp-block-uagb-image__figure\"><img decoding=\"async\" srcset=\"https:\/\/swimiceland.com\/wp-content\/uploads\/2025\/05\/pexels-photo-261185-261185-1024x576.jpg ,https:\/\/swimiceland.com\/wp-content\/uploads\/2025\/05\/pexels-photo-261185-261185-scaled.jpg 780w, https:\/\/swimiceland.com\/wp-content\/uploads\/2025\/05\/pexels-photo-261185-261185-scaled.jpg 360w\" sizes=\"auto, (max-width: 480px) 150px\" src=\"https:\/\/swimiceland.com\/wp-content\/uploads\/2025\/05\/pexels-photo-261185-261185-1024x576.jpg\" alt=\"A person swimming in a clear blue outdoor pool with lane dividers.\" class=\"uag-image-1315\" width=\"484\" height=\"302\" title=\"pexels-photo-261185-261185\" loading=\"lazy\" role=\"img\"\/><\/figure><\/div>\n\n\n\n<div class=\"wp-block-uagb-info-box uagb-block-3883f3b0 uagb-infobox__content-wrap  uagb-infobox-icon-above-title uagb-infobox-image-valign-top\"><div class=\"uagb-ifb-content\"><div class=\"uagb-ifb-title-wrap\"><h5 class=\"uagb-ifb-title\">Reykjav\u00edk Open 2025<\/h5><\/div><p class=\"uagb-ifb-desc\">\ud83d\udccd Date: April 27\u201328, 2025<br>\ud83c\udfca Pool: Laugardalslaug, Reykjav\u00edk<br>\ud83e\udd47 Top Performers: J\u00f3n J\u00f3nsson (100m Freestyle \u2013 48.75s), Mar\u00eda Bj\u00f6rk (50m Backstroke \u2013 27.31s)<br>\ud83d\udce5 <a href=\"#\" target=\"_blank\" rel=\"noopener\" title=\"\">\u00darslit \/ Full results<\/a><br>\ud83d\udcac <em>Quote from athlete or coach<\/em><\/p><\/div><\/div>\n\n\n\n<div class=\"wp-block-uagb-image uagb-block-65f8bb55 wp-block-uagb-image--layout-default wp-block-uagb-image--effect-static wp-block-uagb-image--align-none\"><figure class=\"wp-block-uagb-image__figure\"><img decoding=\"async\" srcset=\"https:\/\/swimiceland.com\/wp-content\/uploads\/2025\/05\/IMG_9709-1024x768.jpeg ,https:\/\/swimiceland.com\/wp-content\/uploads\/2025\/05\/IMG_9709-scaled.jpeg 780w, https:\/\/swimiceland.com\/wp-content\/uploads\/2025\/05\/IMG_9709-scaled.jpeg 360w\" sizes=\"auto, (max-width: 480px) 150px\" src=\"https:\/\/swimiceland.com\/wp-content\/uploads\/2025\/05\/IMG_9709-1024x768.jpeg\" alt=\"\" class=\"uag-image-1367\" width=\"484\" height=\"302\" title=\"IMG_9709\" loading=\"lazy\" role=\"img\"\/><\/figure><\/div>\n\n\n\n<div class=\"wp-block-uagb-info-box uagb-block-4cdd22fa uagb-infobox__content-wrap  uagb-infobox-icon-above-title uagb-infobox-image-valign-top\"><div class=\"uagb-ifb-content\"><div class=\"uagb-ifb-title-wrap\"><h5 class=\"uagb-ifb-title\">Reykjav\u00edk Open 2025<\/h5><\/div><p class=\"uagb-ifb-desc\">\ud83d\udccd Date: April 27\u201328, 2025<br>\ud83c\udfca Pool: Laugardalslaug, Reykjav\u00edk<br>\ud83e\udd47 Top Performers: J\u00f3n J\u00f3nsson (100m Freestyle \u2013 48.75s), Mar\u00eda Bj\u00f6rk (50m Backstroke \u2013 27.31s)<br>\ud83d\udce5 <a href=\"#\" target=\"_blank\" rel=\"noopener\" title=\"\">\u00darslit \/ Full results<\/a><br>\ud83d\udcac <em>Quote from athlete or coach<\/em><\/p><\/div><\/div>\n<\/div>\n<\/div>\n<\/div><\/div>\n\n\n\n<div class=\"wp-block-uagb-container uagb-block-31ec3615 alignfull uagb-is-root-container\"><div class=\"uagb-container-inner-blocks-wrap\">\n<div class=\"wp-block-group is-vertical is-layout-flex wp-container-core-group-is-layout-fe9cc265 wp-block-group-is-layout-flex\">\n<div class=\"wp-block-uagb-container uagb-block-4d7d62ec alignfull uagb-is-root-container\"><div class=\"uagb-container-inner-blocks-wrap\">\n<div class=\"wp-block-columns is-layout-flex wp-container-core-columns-is-layout-28f84493 wp-block-columns-is-layout-flex\">\n<div class=\"wp-block-column is-layout-flow wp-block-column-is-layout-flow\" style=\"flex-basis:100%\">\n<div class=\"wp-block-columns is-layout-flex wp-container-core-columns-is-layout-28f84493 wp-block-columns-is-layout-flex\">\n<div class=\"wp-block-column is-layout-flow wp-block-column-is-layout-flow\" style=\"flex-basis:100%\">\n<div class=\"wp-block-uagb-advanced-heading uagb-block-e4f4e4f6\"><h3 class=\"uagb-heading-text\">Next Meets<\/h3><div class=\"uagb-separator\"><\/div><\/div>\n<\/div>\n<\/div>\n<\/div>\n<\/div>\n<\/div><\/div>\n\n\n\n<figure class=\"wp-block-table\"><table class=\"has-fixed-layout\"><thead><tr><th>Dates<\/th><th>Meet<\/th><th>Location<\/th><th>Link<\/th><\/tr><\/thead><tbody><tr><td><\/td><td><\/td><td><\/td><td><\/td><\/tr><tr><td>June 3\u20135<\/td><td>Icelandic Nationals<\/td><td>Akureyri<\/td><td><a href=\"#\" target=\"_blank\" rel=\"noopener\" title=\"\">Uppl\u00fdsingar \/ Learn more<\/a><\/td><\/tr><tr><td><\/td><td><\/td><td><\/td><td><\/td><\/tr><tr><td><\/td><td><\/td><td><\/td><td><\/td><\/tr><\/tbody><\/table><\/figure>\n\n\n\n<div class=\"wp-block-uagb-buttons uagb-buttons__outer-wrap uagb-btn__default-btn uagb-btn-tablet__default-btn uagb-btn-mobile__default-btn uagb-block-725f65ff\"><div class=\"uagb-buttons__wrap uagb-buttons-layout-wrap\">\n<div class=\"wp-block-uagb-buttons-child uagb-buttons__outer-wrap uagb-block-aed079c8 wp-block-button\"><div class=\"uagb-button__wrapper\"><a class=\"uagb-buttons-repeater wp-block-button__link\" aria-label=\"\" href=\"https:\/\/www.swimrankings.net\/index.php?page=meetSelect&amp;selectPage=RECENT&amp;meetType=1&amp;nationId=227\" rel=\"follow noopener\" target=\"_blank\" role=\"button\"><div class=\"uagb-button__link\">Results All Meets<\/div><\/a><\/div><\/div>\n\n\n\n<div class=\"wp-block-uagb-buttons-child uagb-buttons__outer-wrap uagb-block-040ad22d wp-block-button\"><div class=\"uagb-button__wrapper\"><a class=\"uagb-buttons-repeater wp-block-button__link\" aria-label=\"\" href=\"https:\/\/www.swimrankings.net\/index.php?page=recordDetail&amp;recordListId=50075\" rel=\"follow noopener\" target=\"_blank\" role=\"button\"><div class=\"uagb-button__link\">Icelandic Records<\/div><\/a><\/div><\/div>\n\n\n\n<div class=\"wp-block-uagb-buttons-child uagb-buttons__outer-wrap uagb-block-b00549b4 wp-block-button\"><div class=\"uagb-button__wrapper\"><a class=\"uagb-buttons-repeater wp-block-button__link\" aria-label=\"\" href=\"https:\/\/www.addevent.com\/calendar\/NM607531\/embed\/?id=NM607531&amp;calendars=NM607531-cw607050-rX607530-Wf625577-Iw625575&amp;calendars_sel=NM607531-cw607050-rX607530-Wf625577&amp;config=true&amp;title=Atbur%c3%b0adagatal+SS%c3%8d&amp;titleshow=true&amp;today=true&amp;datenav=true&amp;date=true&amp;monthweektoggle=true&amp;subscribebtn=true&amp;swimonth=true&amp;swiweek=false&amp;swischedule=true&amp;print=true&amp;timezone=false&amp;defaultview=month&amp;firstday=1&amp;datetimeformat=2#NM607531\" rel=\"follow noopener\" target=\"_blank\" role=\"button\"><div class=\"uagb-button__link\">Swim Meets<\/div><\/a><\/div><\/div>\n<\/div><\/div>\n<\/div>\n<\/div><\/div>","protected":false},"excerpt":{"rendered":"<p>Sundm\u00f3t F\u00e1\u00f0u n\u00fdjustu \u00farslit, uppl\u00fdsingar um n\u00e6stu m\u00f3t og allt sem tengist \u00edslenskum sundvi\u00f0bur\u00f0um N\u00e6stu M\u00f3t Dagsetning M\u00f3t Sta\u00f0setning Linkur June 3\u20135 Icelandic Nationals Akureyri Uppl\u00fdsingar \/ Learn more<\/p>","protected":false},"author":1,"featured_media":0,"parent":0,"menu_order":0,"comment_status":"closed","ping_status":"closed","template":"","meta":{"_uag_custom_page_level_css":"","site-sidebar-layout":"no-sidebar","site-content-layout":"plain-container","ast-site-content-layout":"full-width-container","site-content-style":"unboxed","site-sidebar-style":"unboxed","ast-global-header-display":"","ast-banner-title-visibility":"","ast-main-header-display":"","ast-hfb-above-header-display":"","ast-hfb-below-header-display":"","ast-hfb-mobile-header-display":"","site-post-title":"disabled","ast-breadcrumbs-content":"","ast-featured-img":"","footer-sml-layout":"","theme-transparent-header-meta":"enabled","adv-header-id-meta":"","stick-header-meta":"","header-above-stick-meta":"","header-main-stick-meta":"","header-below-stick-meta":"","astra-migrate-meta-layouts":"set","ast-page-background-enabled":"default","ast-page-background-meta":{"desktop":{"background-color":"","background-image":"","background-repeat":"repeat","background-position":"center center","background-size":"auto","background-attachment":"scroll","background-type":"","background-media":"","overlay-type":"","overlay-color":"","overlay-opacity":"","overlay-gradient":""},"tablet":{"background-color":"","background-image":"","background-repeat":"repeat","background-position":"center center","background-size":"auto","background-attachment":"scroll","background-type":"","background-media":"","overlay-type":"","overlay-color":"","overlay-opacity":"","overlay-gradient":""},"mobile":{"background-color":"","background-image":"","background-repeat":"repeat","background-position":"center center","background-size":"auto","background-attachment":"scroll","background-type":"","background-media":"","overlay-type":"","overlay-color":"","overlay-opacity":"","overlay-gradient":""}},"ast-content-background-meta":{"desktop":{"background-color":"var(--ast-global-color-5)","background-image":"","background-repeat":"repeat","background-position":"center center","background-size":"auto","background-attachment":"scroll","background-type":"","background-media":"","overlay-type":"","overlay-color":"","overlay-opacity":"","overlay-gradient":""},"tablet":{"background-color":"var(--ast-global-color-5)","background-image":"","background-repeat":"repeat","background-position":"center center","background-size":"auto","background-attachment":"scroll","background-type":"","background-media":"","overlay-type":"","overlay-color":"","overlay-opacity":"","overlay-gradient":""},"mobile":{"background-color":"var(--ast-global-color-5)","background-image":"","background-repeat":"repeat","background-position":"center center","background-size":"auto","background-attachment":"scroll","background-type":"","background-media":"","overlay-type":"","overlay-color":"","overlay-opacity":"","overlay-gradient":""}},"footnotes":""},"class_list":["post-915","page","type-page","status-publish","hentry"],"aioseo_notices":[],"uagb_featured_image_src":{"full":false,"thumbnail":false,"medium":false,"medium_large":false,"large":false,"1536x1536":false,"2048x2048":false,"trp-custom-language-flag":false},"uagb_author_info":{"display_name":"Hilda","author_link":"https:\/\/swimiceland.com\/en\/author\/hrafnhilgmail-com\/"},"uagb_comment_info":0,"uagb_excerpt":"Sundm\u00f3t F\u00e1\u00f0u n\u00fdjustu \u00farslit, uppl\u00fdsingar um n\u00e6stu m\u00f3t og allt sem tengist \u00edslenskum sundvi\u00f0bur\u00f0um N\u00e6stu M\u00f3t Dagsetning M\u00f3t Sta\u00f0setning Linkur June 3\u20135 Icelandic Nationals Akureyri Uppl\u00fdsingar \/ Learn more","_links":{"self":[{"href":"https:\/\/swimiceland.com\/en\/wp-json\/wp\/v2\/pages\/915","targetHints":{"allow":["GET"]}}],"collection":[{"href":"https:\/\/swimiceland.com\/en\/wp-json\/wp\/v2\/pages"}],"about":[{"href":"https:\/\/swimiceland.com\/en\/wp-json\/wp\/v2\/types\/page"}],"author":[{"embeddable":true,"href":"https:\/\/swimiceland.com\/en\/wp-json\/wp\/v2\/users\/1"}],"replies":[{"embeddable":true,"href":"https:\/\/swimiceland.com\/en\/wp-json\/wp\/v2\/comments?post=915"}],"version-history":[{"count":23,"href":"https:\/\/swimiceland.com\/en\/wp-json\/wp\/v2\/pages\/915\/revisions"}],"predecessor-version":[{"id":1449,"href":"https:\/\/swimiceland.com\/en\/wp-json\/wp\/v2\/pages\/915\/revisions\/1449"}],"wp:attachment":[{"href":"https:\/\/swimiceland.com\/en\/wp-json\/wp\/v2\/media?parent=915"}],"curies":[{"name":"wp","href":"https:\/\/api.w.org\/{rel}","templated":true}]}}